{"id":2293,"date":"2024-07-27T01:18:50","date_gmt":"2024-07-27T01:18:50","guid":{"rendered":"https:\/\/decoraangeles.com\/tienda\/?post_type=product&#038;p=2293"},"modified":"2024-09-16T17:29:37","modified_gmt":"2024-09-16T17:29:37","slug":"silla-7","status":"publish","type":"product","link":"https:\/\/decoraangeles.com\/tienda\/producto\/silla-7\/","title":{"rendered":"SILLAS LUNA C\/U"},"content":{"rendered":"","protected":false},"excerpt":{"rendered":"<p align=\"justify\">Esta silla elegante y moderna es una adici\u00f3n perfecta para cualquier comedor, sala de estar o estudio. Su respaldo curvo y su asiento tapizado ofrecen comodidad y soporte. Las patas de acero en color negro con detalles dorados a\u00f1aden un toque de sofisticaci\u00f3n. La tapicer\u00eda en tono beige con detalles en marr\u00f3n se ve hermosa en cualquier espacio.<\/p>\n","protected":false},"featured_media":2299,"comment_status":"closed","ping_status":"closed","template":"","meta":{"_uag_custom_page_level_css":"","site-sidebar-layout":"default","site-content-layout":"","ast-site-content-layout":"default","site-content-style":"default","site-sidebar-style":"default","ast-global-header-display":"","ast-banner-title-visibility":"","ast-main-header-display":"","ast-hfb-above-header-display":"","ast-hfb-below-header-display":"","ast-hfb-mobile-header-display":"","site-post-title":"","ast-breadcrumbs-content":"","ast-featured-img":"","footer-sml-layout":"","theme-transparent-header-meta":"default","adv-header-id-meta":"","stick-header-meta":"","header-above-stick-meta":"","header-main-stick-meta":"","header-below-stick-meta":"","astra-migrate-meta-layouts":"set","ast-page-background-enabled":"default","ast-page-background-meta":{"desktop":{"background-color":"","background-image":"","background-repeat":"repeat","background-position":"center center","background-size":"auto","background-attachment":"scroll","background-type":"","background-media":"","overlay-type":"","overlay-color":"","overlay-opacity":"","overlay-gradient":""},"tablet":{"background-color":"","background-image":"","background-repeat":"repeat","background-position":"center center","background-size":"auto","background-attachment":"scroll","background-type":"","background-media":"","overlay-type":"","overlay-color":"","overlay-opacity":"","overlay-gradient":""},"mobile":{"background-color":"","background-image":"","background-repeat":"repeat","background-position":"center center","background-size":"auto","background-attachment":"scroll","background-type":"","background-media":"","overlay-type":"","overlay-color":"","overlay-opacity":"","overlay-gradient":""}},"ast-content-background-meta":{"desktop":{"background-color":"var(--ast-global-color-5)","background-image":"","background-repeat":"repeat","background-position":"center center","background-size":"auto","background-attachment":"scroll","background-type":"","background-media":"","overlay-type":"","overlay-color":"","overlay-opacity":"","overlay-gradient":""},"tablet":{"background-color":"var(--ast-global-color-5)","background-image":"","background-repeat":"repeat","background-position":"center center","background-size":"auto","background-attachment":"scroll","background-type":"","background-media":"","overlay-type":"","overlay-color":"","overlay-opacity":"","overlay-gradient":""},"mobile":{"background-color":"var(--ast-global-color-5)","background-image":"","background-repeat":"repeat","background-position":"center center","background-size":"auto","background-attachment":"scroll","background-type":"","background-media":"","overlay-type":"","overlay-color":"","overlay-opacity":"","overlay-gradient":""}}},"product_cat":[22],"product_tag":[39],"class_list":{"0":"post-2293","1":"product","2":"type-product","3":"status-publish","4":"has-post-thumbnail","6":"product_cat-sillas","7":"product_tag-sillas","8":"desktop-align-left","9":"tablet-align-left","10":"mobile-align-left","12":"first","13":"instock","14":"taxable","15":"shipping-taxable","16":"purchasable","17":"product-type-simple"},"uagb_featured_image_src":{"full":["https:\/\/decoraangeles.com\/tienda\/wp-content\/uploads\/2024\/07\/SILLAS-DE-PATAS-DORADAS-copia.jpg",700,700,false],"thumbnail":["https:\/\/decoraangeles.com\/tienda\/wp-content\/uploads\/2024\/07\/SILLAS-DE-PATAS-DORADAS-copia-150x150.jpg",150,150,true],"medium":["https:\/\/decoraangeles.com\/tienda\/wp-content\/uploads\/2024\/07\/SILLAS-DE-PATAS-DORADAS-copia-300x300.jpg",300,300,true],"medium_large":["https:\/\/decoraangeles.com\/tienda\/wp-content\/uploads\/2024\/07\/SILLAS-DE-PATAS-DORADAS-copia.jpg",700,700,false],"large":["https:\/\/decoraangeles.com\/tienda\/wp-content\/uploads\/2024\/07\/SILLAS-DE-PATAS-DORADAS-copia.jpg",700,700,false],"1536x1536":["https:\/\/decoraangeles.com\/tienda\/wp-content\/uploads\/2024\/07\/SILLAS-DE-PATAS-DORADAS-copia.jpg",700,700,false],"2048x2048":["https:\/\/decoraangeles.com\/tienda\/wp-content\/uploads\/2024\/07\/SILLAS-DE-PATAS-DORADAS-copia.jpg",700,700,false],"woocommerce_thumbnail":["https:\/\/decoraangeles.com\/tienda\/wp-content\/uploads\/2024\/07\/SILLAS-DE-PATAS-DORADAS-copia-300x300.jpg",300,300,true],"woocommerce_single":["https:\/\/decoraangeles.com\/tienda\/wp-content\/uploads\/2024\/07\/SILLAS-DE-PATAS-DORADAS-copia-600x600.jpg",600,600,true],"woocommerce_gallery_thumbnail":["https:\/\/decoraangeles.com\/tienda\/wp-content\/uploads\/2024\/07\/SILLAS-DE-PATAS-DORADAS-copia-100x100.jpg",100,100,true]},"uagb_author_info":{"display_name":"admin","author_link":"https:\/\/decoraangeles.com\/tienda\/author\/"},"uagb_comment_info":0,"uagb_excerpt":"Esta silla elegante y moderna es una adici\u00f3n perfecta para cualquier comedor, sala de estar o estudio. Su respaldo curvo y su asiento tapizado ofrecen comodidad y soporte. Las patas de acero en color negro con detalles dorados a\u00f1aden un toque de sofisticaci\u00f3n. La tapicer\u00eda en tono beige con detalles en marr\u00f3n se ve hermosa&hellip;","_links":{"self":[{"href":"https:\/\/decoraangeles.com\/tienda\/wp-json\/wp\/v2\/product\/2293"}],"collection":[{"href":"https:\/\/decoraangeles.com\/tienda\/wp-json\/wp\/v2\/product"}],"about":[{"href":"https:\/\/decoraangeles.com\/tienda\/wp-json\/wp\/v2\/types\/product"}],"replies":[{"embeddable":true,"href":"https:\/\/decoraangeles.com\/tienda\/wp-json\/wp\/v2\/comments?post=2293"}],"wp:featuredmedia":[{"embeddable":true,"href":"https:\/\/decoraangeles.com\/tienda\/wp-json\/wp\/v2\/media\/2299"}],"wp:attachment":[{"href":"https:\/\/decoraangeles.com\/tienda\/wp-json\/wp\/v2\/media?parent=2293"}],"wp:term":[{"taxonomy":"product_cat","embeddable":true,"href":"https:\/\/decoraangeles.com\/tienda\/wp-json\/wp\/v2\/product_cat?post=2293"},{"taxonomy":"product_tag","embeddable":true,"href":"https:\/\/decoraangeles.com\/tienda\/wp-json\/wp\/v2\/product_tag?post=2293"}],"curies":[{"name":"wp","href":"https:\/\/api.w.org\/{rel}","templated":true}]}}