{"id":2901,"date":"2024-09-18T21:17:35","date_gmt":"2024-09-18T21:17:35","guid":{"rendered":"https:\/\/decoraangeles.com\/tienda\/?post_type=product&#038;p=2901"},"modified":"2024-09-18T21:29:59","modified_gmt":"2024-09-18T21:29:59","slug":"consola-alma","status":"publish","type":"product","link":"https:\/\/decoraangeles.com\/tienda\/producto\/consola-alma\/","title":{"rendered":"CONSOLA ALMA"},"content":{"rendered":"<p>Caracter\u00edsticas:<br \/>\nMateriales: Madera oscura (nogal) y metal cromado.<br \/>\nDise\u00f1o: Contempor\u00e1neo con un patr\u00f3n geom\u00e9trico en las patas.<br \/>\nEstilo: Ideal para decoraciones modernas y como un elegante acento en diferentes ambientes.<\/p>\n","protected":false},"excerpt":{"rendered":"<p>A\u00f1ade un toque de sofisticaci\u00f3n a tu hogar con esta elegante consola moderna. Su dise\u00f1o contempor\u00e1neo combina una parte superior de madera color caoba , con un marco y patas de acero inoxidable   pulido.  Mientras que el intrincado patr\u00f3n geom\u00e9trico de las patas aporta un estilo \u00fanico y llamativo.<\/p>\n","protected":false},"featured_media":2903,"comment_status":"open","ping_status":"closed","template":"","meta":{"_uag_custom_page_level_css":"","site-sidebar-layout":"default","site-content-layout":"","ast-site-content-layout":"default","site-content-style":"default","site-sidebar-style":"default","ast-global-header-display":"","ast-banner-title-visibility":"","ast-main-header-display":"","ast-hfb-above-header-display":"","ast-hfb-below-header-display":"","ast-hfb-mobile-header-display":"","site-post-title":"","ast-breadcrumbs-content":"","ast-featured-img":"","footer-sml-layout":"","theme-transparent-header-meta":"default","adv-header-id-meta":"","stick-header-meta":"","header-above-stick-meta":"","header-main-stick-meta":"","header-below-stick-meta":"","astra-migrate-meta-layouts":"set","ast-page-background-enabled":"default","ast-page-background-meta":{"desktop":{"background-color":"","background-image":"","background-repeat":"repeat","background-position":"center center","background-size":"auto","background-attachment":"scroll","background-type":"","background-media":"","overlay-type":"","overlay-color":"","overlay-opacity":"","overlay-gradient":""},"tablet":{"background-color":"","background-image":"","background-repeat":"repeat","background-position":"center center","background-size":"auto","background-attachment":"scroll","background-type":"","background-media":"","overlay-type":"","overlay-color":"","overlay-opacity":"","overlay-gradient":""},"mobile":{"background-color":"","background-image":"","background-repeat":"repeat","background-position":"center center","background-size":"auto","background-attachment":"scroll","background-type":"","background-media":"","overlay-type":"","overlay-color":"","overlay-opacity":"","overlay-gradient":""}},"ast-content-background-meta":{"desktop":{"background-color":"var(--ast-global-color-5)","background-image":"","background-repeat":"repeat","background-position":"center center","background-size":"auto","background-attachment":"scroll","background-type":"","background-media":"","overlay-type":"","overlay-color":"","overlay-opacity":"","overlay-gradient":""},"tablet":{"background-color":"var(--ast-global-color-5)","background-image":"","background-repeat":"repeat","background-position":"center center","background-size":"auto","background-attachment":"scroll","background-type":"","background-media":"","overlay-type":"","overlay-color":"","overlay-opacity":"","overlay-gradient":""},"mobile":{"background-color":"var(--ast-global-color-5)","background-image":"","background-repeat":"repeat","background-position":"center center","background-size":"auto","background-attachment":"scroll","background-type":"","background-media":"","overlay-type":"","overlay-color":"","overlay-opacity":"","overlay-gradient":""}}},"product_cat":[54],"product_tag":[],"class_list":{"0":"post-2901","1":"product","2":"type-product","3":"status-publish","4":"has-post-thumbnail","6":"product_cat-consolas","7":"desktop-align-left","8":"tablet-align-left","9":"mobile-align-left","11":"first","12":"instock","13":"taxable","14":"shipping-taxable","15":"purchasable","16":"product-type-simple"},"uagb_featured_image_src":{"full":["https:\/\/decoraangeles.com\/tienda\/wp-content\/uploads\/2024\/09\/CONSOLA-ANIKA-1-1.jpg",1024,1024,false],"thumbnail":["https:\/\/decoraangeles.com\/tienda\/wp-content\/uploads\/2024\/09\/CONSOLA-ANIKA-1-1-150x150.jpg",150,150,true],"medium":["https:\/\/decoraangeles.com\/tienda\/wp-content\/uploads\/2024\/09\/CONSOLA-ANIKA-1-1-300x300.jpg",300,300,true],"medium_large":["https:\/\/decoraangeles.com\/tienda\/wp-content\/uploads\/2024\/09\/CONSOLA-ANIKA-1-1-768x768.jpg",768,768,true],"large":["https:\/\/decoraangeles.com\/tienda\/wp-content\/uploads\/2024\/09\/CONSOLA-ANIKA-1-1.jpg",1024,1024,false],"1536x1536":["https:\/\/decoraangeles.com\/tienda\/wp-content\/uploads\/2024\/09\/CONSOLA-ANIKA-1-1.jpg",1024,1024,false],"2048x2048":["https:\/\/decoraangeles.com\/tienda\/wp-content\/uploads\/2024\/09\/CONSOLA-ANIKA-1-1.jpg",1024,1024,false],"woocommerce_thumbnail":["https:\/\/decoraangeles.com\/tienda\/wp-content\/uploads\/2024\/09\/CONSOLA-ANIKA-1-1-300x300.jpg",300,300,true],"woocommerce_single":["https:\/\/decoraangeles.com\/tienda\/wp-content\/uploads\/2024\/09\/CONSOLA-ANIKA-1-1-600x600.jpg",600,600,true],"woocommerce_gallery_thumbnail":["https:\/\/decoraangeles.com\/tienda\/wp-content\/uploads\/2024\/09\/CONSOLA-ANIKA-1-1-100x100.jpg",100,100,true]},"uagb_author_info":{"display_name":"admin","author_link":"https:\/\/decoraangeles.com\/tienda\/author\/"},"uagb_comment_info":0,"uagb_excerpt":"A\u00f1ade un toque de sofisticaci\u00f3n a tu hogar con esta elegante consola moderna. Su dise\u00f1o contempor\u00e1neo combina una parte superior de madera color caoba , con un marco y patas de acero inoxidable pulido. Mientras que el intrincado patr\u00f3n geom\u00e9trico de las patas aporta un estilo \u00fanico y llamativo.","_links":{"self":[{"href":"https:\/\/decoraangeles.com\/tienda\/wp-json\/wp\/v2\/product\/2901"}],"collection":[{"href":"https:\/\/decoraangeles.com\/tienda\/wp-json\/wp\/v2\/product"}],"about":[{"href":"https:\/\/decoraangeles.com\/tienda\/wp-json\/wp\/v2\/types\/product"}],"replies":[{"embeddable":true,"href":"https:\/\/decoraangeles.com\/tienda\/wp-json\/wp\/v2\/comments?post=2901"}],"wp:featuredmedia":[{"embeddable":true,"href":"https:\/\/decoraangeles.com\/tienda\/wp-json\/wp\/v2\/media\/2903"}],"wp:attachment":[{"href":"https:\/\/decoraangeles.com\/tienda\/wp-json\/wp\/v2\/media?parent=2901"}],"wp:term":[{"taxonomy":"product_cat","embeddable":true,"href":"https:\/\/decoraangeles.com\/tienda\/wp-json\/wp\/v2\/product_cat?post=2901"},{"taxonomy":"product_tag","embeddable":true,"href":"https:\/\/decoraangeles.com\/tienda\/wp-json\/wp\/v2\/product_tag?post=2901"}],"curies":[{"name":"wp","href":"https:\/\/api.w.org\/{rel}","templated":true}]}}