{"id":2945,"date":"2024-09-19T16:51:29","date_gmt":"2024-09-19T16:51:29","guid":{"rendered":"https:\/\/decoraangeles.com\/tienda\/?post_type=product&#038;p=2945"},"modified":"2024-10-01T13:19:30","modified_gmt":"2024-10-01T13:19:30","slug":"consola-kalia","status":"publish","type":"product","link":"https:\/\/decoraangeles.com\/tienda\/producto\/consola-kalia\/","title":{"rendered":"CONSOLA KALIA"},"content":{"rendered":"<p>Caracter\u00edsticas:<\/p>\n<p>Material: Superficie de  vidrio polarizado negro brillante y patas de acero inoxidable 304 brillante  pulido.<br \/>\nDimensiones: [120x40x100].<br \/>\nDise\u00f1o: Minimalista y contempor\u00e1neo.<\/p>\n","protected":false},"excerpt":{"rendered":"<p>A\u00f1ade un toque de sofisticaci\u00f3n a tu hogar con esta elegante consola de dise\u00f1o minimalista. Su superficie rectangular de acabado negro brillante se complementa perfectamente con las patas met\u00e1licas compuestas por m\u00faltiples varillas verticales. Estas varillas, dispuestas en l\u00edneas paralelas y con un acabado brillante, de acero inoxidable  crean un contraste llamativo con la superficie oscura. Ideal para interiores modernos, esta consola no solo es funcional sino tambi\u00e9n una pieza decorativa que realza cualquier espacio.Tiempo de entrega : de 15 a 20  dias . Envios a nivel nacional . Garantia 02  a\u00f1os <\/p>\n","protected":false},"featured_media":2891,"comment_status":"open","ping_status":"closed","template":"","meta":{"_uag_custom_page_level_css":"","site-sidebar-layout":"default","site-content-layout":"","ast-site-content-layout":"default","site-content-style":"default","site-sidebar-style":"default","ast-global-header-display":"","ast-banner-title-visibility":"","ast-main-header-display":"","ast-hfb-above-header-display":"","ast-hfb-below-header-display":"","ast-hfb-mobile-header-display":"","site-post-title":"","ast-breadcrumbs-content":"","ast-featured-img":"","footer-sml-layout":"","theme-transparent-header-meta":"default","adv-header-id-meta":"","stick-header-meta":"","header-above-stick-meta":"","header-main-stick-meta":"","header-below-stick-meta":"","astra-migrate-meta-layouts":"set","ast-page-background-enabled":"default","ast-page-background-meta":{"desktop":{"background-color":"","background-image":"","background-repeat":"repeat","background-position":"center center","background-size":"auto","background-attachment":"scroll","background-type":"","background-media":"","overlay-type":"","overlay-color":"","overlay-opacity":"","overlay-gradient":""},"tablet":{"background-color":"","background-image":"","background-repeat":"repeat","background-position":"center center","background-size":"auto","background-attachment":"scroll","background-type":"","background-media":"","overlay-type":"","overlay-color":"","overlay-opacity":"","overlay-gradient":""},"mobile":{"background-color":"","background-image":"","background-repeat":"repeat","background-position":"center center","background-size":"auto","background-attachment":"scroll","background-type":"","background-media":"","overlay-type":"","overlay-color":"","overlay-opacity":"","overlay-gradient":""}},"ast-content-background-meta":{"desktop":{"background-color":"var(--ast-global-color-5)","background-image":"","background-repeat":"repeat","background-position":"center center","background-size":"auto","background-attachment":"scroll","background-type":"","background-media":"","overlay-type":"","overlay-color":"","overlay-opacity":"","overlay-gradient":""},"tablet":{"background-color":"var(--ast-global-color-5)","background-image":"","background-repeat":"repeat","background-position":"center center","background-size":"auto","background-attachment":"scroll","background-type":"","background-media":"","overlay-type":"","overlay-color":"","overlay-opacity":"","overlay-gradient":""},"mobile":{"background-color":"var(--ast-global-color-5)","background-image":"","background-repeat":"repeat","background-position":"center center","background-size":"auto","background-attachment":"scroll","background-type":"","background-media":"","overlay-type":"","overlay-color":"","overlay-opacity":"","overlay-gradient":""}}},"product_cat":[54],"product_tag":[],"class_list":{"0":"post-2945","1":"product","2":"type-product","3":"status-publish","4":"has-post-thumbnail","6":"product_cat-consolas","7":"desktop-align-left","8":"tablet-align-left","9":"mobile-align-left","11":"first","12":"instock","13":"taxable","14":"shipping-taxable","15":"purchasable","16":"product-type-simple"},"uagb_featured_image_src":{"full":["https:\/\/decoraangeles.com\/tienda\/wp-content\/uploads\/2024\/09\/444483959_776794611295767_5145588265759076223_n.jpg",736,736,false],"thumbnail":["https:\/\/decoraangeles.com\/tienda\/wp-content\/uploads\/2024\/09\/444483959_776794611295767_5145588265759076223_n-150x150.jpg",150,150,true],"medium":["https:\/\/decoraangeles.com\/tienda\/wp-content\/uploads\/2024\/09\/444483959_776794611295767_5145588265759076223_n-300x300.jpg",300,300,true],"medium_large":["https:\/\/decoraangeles.com\/tienda\/wp-content\/uploads\/2024\/09\/444483959_776794611295767_5145588265759076223_n.jpg",736,736,false],"large":["https:\/\/decoraangeles.com\/tienda\/wp-content\/uploads\/2024\/09\/444483959_776794611295767_5145588265759076223_n.jpg",736,736,false],"1536x1536":["https:\/\/decoraangeles.com\/tienda\/wp-content\/uploads\/2024\/09\/444483959_776794611295767_5145588265759076223_n.jpg",736,736,false],"2048x2048":["https:\/\/decoraangeles.com\/tienda\/wp-content\/uploads\/2024\/09\/444483959_776794611295767_5145588265759076223_n.jpg",736,736,false],"woocommerce_thumbnail":["https:\/\/decoraangeles.com\/tienda\/wp-content\/uploads\/2024\/09\/444483959_776794611295767_5145588265759076223_n-300x300.jpg",300,300,true],"woocommerce_single":["https:\/\/decoraangeles.com\/tienda\/wp-content\/uploads\/2024\/09\/444483959_776794611295767_5145588265759076223_n-600x600.jpg",600,600,true],"woocommerce_gallery_thumbnail":["https:\/\/decoraangeles.com\/tienda\/wp-content\/uploads\/2024\/09\/444483959_776794611295767_5145588265759076223_n-100x100.jpg",100,100,true]},"uagb_author_info":{"display_name":"admin","author_link":"https:\/\/decoraangeles.com\/tienda\/author\/"},"uagb_comment_info":0,"uagb_excerpt":"A\u00f1ade un toque de sofisticaci\u00f3n a tu hogar con esta elegante consola de dise\u00f1o minimalista. Su superficie rectangular de acabado negro brillante se complementa perfectamente con las patas met\u00e1licas compuestas por m\u00faltiples varillas verticales. Estas varillas, dispuestas en l\u00edneas paralelas y con un acabado brillante, de acero inoxidable crean un contraste llamativo con la superficie&hellip;","_links":{"self":[{"href":"https:\/\/decoraangeles.com\/tienda\/wp-json\/wp\/v2\/product\/2945"}],"collection":[{"href":"https:\/\/decoraangeles.com\/tienda\/wp-json\/wp\/v2\/product"}],"about":[{"href":"https:\/\/decoraangeles.com\/tienda\/wp-json\/wp\/v2\/types\/product"}],"replies":[{"embeddable":true,"href":"https:\/\/decoraangeles.com\/tienda\/wp-json\/wp\/v2\/comments?post=2945"}],"wp:featuredmedia":[{"embeddable":true,"href":"https:\/\/decoraangeles.com\/tienda\/wp-json\/wp\/v2\/media\/2891"}],"wp:attachment":[{"href":"https:\/\/decoraangeles.com\/tienda\/wp-json\/wp\/v2\/media?parent=2945"}],"wp:term":[{"taxonomy":"product_cat","embeddable":true,"href":"https:\/\/decoraangeles.com\/tienda\/wp-json\/wp\/v2\/product_cat?post=2945"},{"taxonomy":"product_tag","embeddable":true,"href":"https:\/\/decoraangeles.com\/tienda\/wp-json\/wp\/v2\/product_tag?post=2945"}],"curies":[{"name":"wp","href":"https:\/\/api.w.org\/{rel}","templated":true}]}}